{"id":6629,"date":"2025-06-06T13:42:57","date_gmt":"2025-06-06T13:42:57","guid":{"rendered":"https:\/\/zagrebacki-solisti.com\/?page_id=6629"},"modified":"2025-06-11T13:57:32","modified_gmt":"2025-06-11T13:57:32","slug":"current-season-2","status":"publish","type":"page","link":"https:\/\/zagrebacki-solisti.com\/en\/current-season-2\/","title":{"rendered":"Last season"},"content":{"rendered":"\t\t<div data-elementor-type=\"wp-page\" data-elementor-id=\"6629\" class=\"elementor elementor-6629 elementor-6628\" data-elementor-post-type=\"page\">\n\t\t\t\t\t\t<section class=\"elementor-section elementor-top-section elementor-element elementor-element-ce5aa9 elementor-reverse-tablet elementor-reverse-mobile_extra elementor-reverse-mobile elementor-section-boxed elementor-section-height-default elementor-section-height-default parallax_section_no qode_elementor_container_no\" data-id=\"ce5aa9\" data-element_type=\"section\">\n\t\t\t\t\t\t<div class=\"elementor-container elementor-column-gap-no\">\n\t\t\t\t\t<div class=\"elementor-column elementor-col-100 elementor-top-column elementor-element elementor-element-6ef46b6b\" data-id=\"6ef46b6b\" data-element_type=\"column\">\n\t\t\t<div class=\"elementor-widget-wrap elementor-element-populated\">\n\t\t\t\t\t\t<div class=\"elementor-element elementor-element-24db5ccf elementor-widget elementor-widget-text-editor\" data-id=\"24db5ccf\" data-element_type=\"widget\" data-widget_type=\"text-editor.default\">\n\t\t\t\t<div class=\"elementor-widget-container\">\n\t\t\t\t\t\t\t\t\t<h1>Last season &#8211; 71st season of the Zagreb soloists<\/h1>\n\t\t\t\t\t\t\t\t<\/div>\n\t\t\t\t<\/div>\n\t\t\t\t\t<\/div>\n\t\t<\/div>\n\t\t\t\t\t<\/div>\n\t\t<\/section>\n\t\t\t\t<section class=\"elementor-section elementor-top-section elementor-element elementor-element-3cb99b9 elementor-section-boxed elementor-section-height-default elementor-section-height-default parallax_section_no qode_elementor_container_no\" data-id=\"3cb99b9\" data-element_type=\"section\">\n\t\t\t\t\t\t<div class=\"elementor-container elementor-column-gap-no\">\n\t\t\t\t\t<div class=\"elementor-column elementor-col-100 elementor-top-column elementor-element elementor-element-24fa6e5\" data-id=\"24fa6e5\" data-element_type=\"column\">\n\t\t\t<div class=\"elementor-widget-wrap elementor-element-populated\">\n\t\t\t\t\t\t<div class=\"elementor-element elementor-element-0cb6a22 elementor-widget elementor-widget-qi_addons_for_elementor_blog_list\" data-id=\"0cb6a22\" data-element_type=\"widget\" data-widget_type=\"qi_addons_for_elementor_blog_list.default\">\n\t\t\t\t<div class=\"elementor-widget-container\">\n\t\t\t\t\t<div class=\"qodef-shortcode qodef-m qodef-addons-blog-list qodef-info-no-icons qodef-image--hover-zoom qodef-qi-grid qodef-layout--qi-columns qodef-col-num--3 qodef-item-layout--boxed qodef-responsive--predefined\" >\n\t<div class=\"qodef-grid-inner\">\n\t\t<p class=\"qodef-m-posts-not-found qodef-grid-item\">No posts were found for provided query parameters.<\/p>\n\t<\/div>\n\t<\/div>\n\t\t\t\t<\/div>\n\t\t\t\t<\/div>\n\t\t\t\t\t<\/div>\n\t\t<\/div>\n\t\t\t\t\t<\/div>\n\t\t<\/section>\n\t\t\t\t<\/div>\n\t\t","protected":false},"excerpt":{"rendered":"<p>Last season &#8211; 71st season of the Zagreb soloists KoncertiPro\u0161la sezona 12.10.24. KDVL Alexandra Conunova, violina Read more KoncertiPro\u0161la sezona 16.11.24. ND Antal Papp, kontrabas Read more KoncertiPro\u0161la sezona 14.12.24. KDVL Ivan Krpan, klavir Read more KoncertiPro\u0161la sezona 13.01.25. Koncert na dar (Muzi\u010dka akademija) Read&#8230;<\/p>\n","protected":false},"author":4,"featured_media":6183,"parent":0,"menu_order":0,"comment_status":"closed","ping_status":"closed","template":"full_width.php","meta":{"footnotes":""},"class_list":["post-6629","page","type-page","status-publish","has-post-thumbnail","hentry"],"yoast_head":"<!-- This site is optimized with the Yoast SEO plugin v23.7 - https:\/\/yoast.com\/wordpress\/plugins\/seo\/ -->\n<title>Last season - 72nd season of the Zagreb soloists<\/title>\n<meta name=\"description\" content=\"Experience the musical magic: Discover everything from Last Season\" \/>\n<meta name=\"robots\" content=\"index, follow, max-snippet:-1, max-image-preview:large, max-video-preview:-1\" \/>\n<link rel=\"canonical\" href=\"https:\/\/zagrebacki-solisti.com\/en\/current-season-2\/\" \/>\n<meta property=\"og:locale\" content=\"en_US\" \/>\n<meta property=\"og:type\" content=\"article\" \/>\n<meta property=\"og:title\" content=\"71st season of the Zagreb Soloists\" \/>\n<meta property=\"og:description\" content=\"Experience the magic of music: Discover everything that the current season has to offer chamber music lovers.\" \/>\n<meta property=\"og:url\" content=\"https:\/\/zagrebacki-solisti.com\/en\/current-season-2\/\" \/>\n<meta property=\"og:site_name\" content=\"Zagreb soloist\" \/>\n<meta property=\"article:publisher\" content=\"https:\/\/www.facebook.com\/Zgsolisti\/\" \/>\n<meta property=\"article:modified_time\" content=\"2025-06-11T13:57:32+00:00\" \/>\n<meta property=\"og:image\" content=\"https:\/\/zagrebacki-solisti.com\/wp-content\/uploads\/2024\/06\/Izasla-je-71.-sezona-2024-1024x683.jpg\" \/>\n<meta name=\"twitter:card\" content=\"summary_large_image\" \/>\n<meta name=\"twitter:title\" content=\"71st season of the Zagreb Soloists\" \/>\n<meta name=\"twitter:label1\" content=\"Est. reading time\" \/>\n\t<meta name=\"twitter:data1\" content=\"4 minutes\" \/>\n<script type=\"application\/ld+json\" class=\"yoast-schema-graph\">{\"@context\":\"https:\/\/schema.org\",\"@graph\":[{\"@type\":\"WebPage\",\"@id\":\"https:\/\/zagrebacki-solisti.com\/en\/current-season-2\/\",\"url\":\"https:\/\/zagrebacki-solisti.com\/en\/current-season-2\/\",\"name\":\"Last season - 72nd season of the Zagreb soloists\",\"isPartOf\":{\"@id\":\"https:\/\/zagrebacki-solisti.com\/en\/#website\"},\"primaryImageOfPage\":{\"@id\":\"https:\/\/zagrebacki-solisti.com\/en\/current-season-2\/#primaryimage\"},\"image\":{\"@id\":\"https:\/\/zagrebacki-solisti.com\/en\/current-season-2\/#primaryimage\"},\"thumbnailUrl\":\"https:\/\/zagrebacki-solisti.com\/wp-content\/uploads\/2024\/06\/Izasla-je-71.-sezona-2024-scaled.jpg\",\"datePublished\":\"2025-06-06T13:42:57+00:00\",\"dateModified\":\"2025-06-11T13:57:32+00:00\",\"description\":\"Experience the musical magic: Discover everything from Last Season\",\"breadcrumb\":{\"@id\":\"https:\/\/zagrebacki-solisti.com\/en\/current-season-2\/#breadcrumb\"},\"inLanguage\":\"en-US\",\"potentialAction\":[{\"@type\":\"ReadAction\",\"target\":[\"https:\/\/zagrebacki-solisti.com\/en\/current-season-2\/\"]}]},{\"@type\":\"ImageObject\",\"inLanguage\":\"en-US\",\"@id\":\"https:\/\/zagrebacki-solisti.com\/en\/current-season-2\/#primaryimage\",\"url\":\"https:\/\/zagrebacki-solisti.com\/wp-content\/uploads\/2024\/06\/Izasla-je-71.-sezona-2024-scaled.jpg\",\"contentUrl\":\"https:\/\/zagrebacki-solisti.com\/wp-content\/uploads\/2024\/06\/Izasla-je-71.-sezona-2024-scaled.jpg\",\"width\":2560,\"height\":1707,\"caption\":\"Iza\u0161la je 71. sezona 2024\"},{\"@type\":\"BreadcrumbList\",\"@id\":\"https:\/\/zagrebacki-solisti.com\/en\/current-season-2\/#breadcrumb\",\"itemListElement\":[{\"@type\":\"ListItem\",\"position\":1,\"name\":\"Home\",\"item\":\"https:\/\/zagrebacki-solisti.com\/en\/zagreb-soloists\/\"},{\"@type\":\"ListItem\",\"position\":2,\"name\":\"Last season\"}]},{\"@type\":\"WebSite\",\"@id\":\"https:\/\/zagrebacki-solisti.com\/en\/#website\",\"url\":\"https:\/\/zagrebacki-solisti.com\/en\/\",\"name\":\"Zagreb soloist\",\"description\":\"Classical music ensemble\",\"publisher\":{\"@id\":\"https:\/\/zagrebacki-solisti.com\/en\/#organization\"},\"potentialAction\":[{\"@type\":\"SearchAction\",\"target\":{\"@type\":\"EntryPoint\",\"urlTemplate\":\"https:\/\/zagrebacki-solisti.com\/en\/?s={search_term_string}\"},\"query-input\":{\"@type\":\"PropertyValueSpecification\",\"valueRequired\":true,\"valueName\":\"search_term_string\"}}],\"inLanguage\":\"en-US\"},{\"@type\":\"Organization\",\"@id\":\"https:\/\/zagrebacki-solisti.com\/en\/#organization\",\"name\":\"Zagreb soloist\",\"url\":\"https:\/\/zagrebacki-solisti.com\/en\/\",\"logo\":{\"@type\":\"ImageObject\",\"inLanguage\":\"en-US\",\"@id\":\"https:\/\/zagrebacki-solisti.com\/en\/#\/schema\/logo\/image\/\",\"url\":\"https:\/\/zagrebacki-solisti.com\/wp-content\/uploads\/2023\/09\/ZG-Solisti-logo.png\",\"contentUrl\":\"https:\/\/zagrebacki-solisti.com\/wp-content\/uploads\/2023\/09\/ZG-Solisti-logo.png\",\"width\":180,\"height\":91,\"caption\":\"Zagreb soloist\"},\"image\":{\"@id\":\"https:\/\/zagrebacki-solisti.com\/en\/#\/schema\/logo\/image\/\"},\"sameAs\":[\"https:\/\/www.facebook.com\/Zgsolisti\/\",\"https:\/\/www.instagram.com\/zagrebsoloists\/\",\"https:\/\/www.youtube.com\/@zagrebsoloists\"]}]}<\/script>\n<!-- \/ Yoast SEO plugin. -->","yoast_head_json":{"title":"Last season - 72nd season of the Zagreb soloists","description":"Experience the musical magic: Discover everything from Last Season","robots":{"index":"index","follow":"follow","max-snippet":"max-snippet:-1","max-image-preview":"max-image-preview:large","max-video-preview":"max-video-preview:-1"},"canonical":"https:\/\/zagrebacki-solisti.com\/en\/current-season-2\/","og_locale":"en_US","og_type":"article","og_title":"71st season of the Zagreb Soloists","og_description":"Experience the magic of music: Discover everything that the current season has to offer chamber music lovers.","og_url":"https:\/\/zagrebacki-solisti.com\/en\/current-season-2\/","og_site_name":"Zagreb soloist","article_publisher":"https:\/\/www.facebook.com\/Zgsolisti\/","article_modified_time":"2025-06-11T13:57:32+00:00","og_image":[{"url":"https:\/\/zagrebacki-solisti.com\/wp-content\/uploads\/2024\/06\/Izasla-je-71.-sezona-2024-1024x683.jpg"}],"twitter_card":"summary_large_image","twitter_title":"71st season of the Zagreb Soloists","twitter_misc":{"Est. reading time":"4 minutes"},"schema":{"@context":"https:\/\/schema.org","@graph":[{"@type":"WebPage","@id":"https:\/\/zagrebacki-solisti.com\/en\/current-season-2\/","url":"https:\/\/zagrebacki-solisti.com\/en\/current-season-2\/","name":"Last season - 72nd season of the Zagreb soloists","isPartOf":{"@id":"https:\/\/zagrebacki-solisti.com\/en\/#website"},"primaryImageOfPage":{"@id":"https:\/\/zagrebacki-solisti.com\/en\/current-season-2\/#primaryimage"},"image":{"@id":"https:\/\/zagrebacki-solisti.com\/en\/current-season-2\/#primaryimage"},"thumbnailUrl":"https:\/\/zagrebacki-solisti.com\/wp-content\/uploads\/2024\/06\/Izasla-je-71.-sezona-2024-scaled.jpg","datePublished":"2025-06-06T13:42:57+00:00","dateModified":"2025-06-11T13:57:32+00:00","description":"Experience the musical magic: Discover everything from Last Season","breadcrumb":{"@id":"https:\/\/zagrebacki-solisti.com\/en\/current-season-2\/#breadcrumb"},"inLanguage":"en-US","potentialAction":[{"@type":"ReadAction","target":["https:\/\/zagrebacki-solisti.com\/en\/current-season-2\/"]}]},{"@type":"ImageObject","inLanguage":"en-US","@id":"https:\/\/zagrebacki-solisti.com\/en\/current-season-2\/#primaryimage","url":"https:\/\/zagrebacki-solisti.com\/wp-content\/uploads\/2024\/06\/Izasla-je-71.-sezona-2024-scaled.jpg","contentUrl":"https:\/\/zagrebacki-solisti.com\/wp-content\/uploads\/2024\/06\/Izasla-je-71.-sezona-2024-scaled.jpg","width":2560,"height":1707,"caption":"Iza\u0161la je 71. sezona 2024"},{"@type":"BreadcrumbList","@id":"https:\/\/zagrebacki-solisti.com\/en\/current-season-2\/#breadcrumb","itemListElement":[{"@type":"ListItem","position":1,"name":"Home","item":"https:\/\/zagrebacki-solisti.com\/en\/zagreb-soloists\/"},{"@type":"ListItem","position":2,"name":"Last season"}]},{"@type":"WebSite","@id":"https:\/\/zagrebacki-solisti.com\/en\/#website","url":"https:\/\/zagrebacki-solisti.com\/en\/","name":"Zagreb soloist","description":"Classical music ensemble","publisher":{"@id":"https:\/\/zagrebacki-solisti.com\/en\/#organization"},"potentialAction":[{"@type":"SearchAction","target":{"@type":"EntryPoint","urlTemplate":"https:\/\/zagrebacki-solisti.com\/en\/?s={search_term_string}"},"query-input":{"@type":"PropertyValueSpecification","valueRequired":true,"valueName":"search_term_string"}}],"inLanguage":"en-US"},{"@type":"Organization","@id":"https:\/\/zagrebacki-solisti.com\/en\/#organization","name":"Zagreb soloist","url":"https:\/\/zagrebacki-solisti.com\/en\/","logo":{"@type":"ImageObject","inLanguage":"en-US","@id":"https:\/\/zagrebacki-solisti.com\/en\/#\/schema\/logo\/image\/","url":"https:\/\/zagrebacki-solisti.com\/wp-content\/uploads\/2023\/09\/ZG-Solisti-logo.png","contentUrl":"https:\/\/zagrebacki-solisti.com\/wp-content\/uploads\/2023\/09\/ZG-Solisti-logo.png","width":180,"height":91,"caption":"Zagreb soloist"},"image":{"@id":"https:\/\/zagrebacki-solisti.com\/en\/#\/schema\/logo\/image\/"},"sameAs":["https:\/\/www.facebook.com\/Zgsolisti\/","https:\/\/www.instagram.com\/zagrebsoloists\/","https:\/\/www.youtube.com\/@zagrebsoloists"]}]}},"_links":{"self":[{"href":"https:\/\/zagrebacki-solisti.com\/en\/wp-json\/wp\/v2\/pages\/6629","targetHints":{"allow":["GET"]}}],"collection":[{"href":"https:\/\/zagrebacki-solisti.com\/en\/wp-json\/wp\/v2\/pages"}],"about":[{"href":"https:\/\/zagrebacki-solisti.com\/en\/wp-json\/wp\/v2\/types\/page"}],"author":[{"embeddable":true,"href":"https:\/\/zagrebacki-solisti.com\/en\/wp-json\/wp\/v2\/users\/4"}],"replies":[{"embeddable":true,"href":"https:\/\/zagrebacki-solisti.com\/en\/wp-json\/wp\/v2\/comments?post=6629"}],"version-history":[{"count":6,"href":"https:\/\/zagrebacki-solisti.com\/en\/wp-json\/wp\/v2\/pages\/6629\/revisions"}],"predecessor-version":[{"id":6773,"href":"https:\/\/zagrebacki-solisti.com\/en\/wp-json\/wp\/v2\/pages\/6629\/revisions\/6773"}],"wp:featuredmedia":[{"embeddable":true,"href":"https:\/\/zagrebacki-solisti.com\/en\/wp-json\/wp\/v2\/media\/6183"}],"wp:attachment":[{"href":"https:\/\/zagrebacki-solisti.com\/en\/wp-json\/wp\/v2\/media?parent=6629"}],"curies":[{"name":"wp","href":"https:\/\/api.w.org\/{rel}","templated":true}]}}